{"id":14,"date":"2021-11-21T15:14:19","date_gmt":"2021-11-21T14:14:19","guid":{"rendered":"https:\/\/limmat-ergo.ch\/?page_id=14"},"modified":"2025-12-03T11:47:27","modified_gmt":"2025-12-03T10:47:27","slug":"ueber-mich-rabea-huesser","status":"publish","type":"page","link":"https:\/\/limmat-ergo.ch\/en\/ueber-mich-rabea-huesser\/","title":{"rendered":"About me"},"content":{"rendered":"<div data-elementor-type=\"wp-page\" data-elementor-id=\"14\" class=\"elementor elementor-14\" data-elementor-post-type=\"page\">\n\t\t\t\t\t\t<section class=\"elementor-section elementor-top-section elementor-element elementor-element-c8ddeb6 elementor-section-height-min-height elementor-section-boxed elementor-section-height-default elementor-section-items-middle\" data-id=\"c8ddeb6\" data-element_type=\"section\" data-e-type=\"section\" data-settings=\"{&quot;background_background&quot;:&quot;classic&quot;}\">\n\t\t\t\t\t\t\t<div class=\"elementor-background-overlay\"><\/div>\n\t\t\t\t\t\t\t<div class=\"elementor-container elementor-column-gap-default\">\n\t\t\t\t\t<div class=\"elementor-column elementor-col-100 elementor-top-column elementor-element elementor-element-6a5337e\" data-id=\"6a5337e\" data-element_type=\"column\" data-e-type=\"column\">\n\t\t\t<div class=\"elementor-widget-wrap elementor-element-populated\">\n\t\t\t\t\t\t<div class=\"elementor-element elementor-element-feefb6c elementor-widget elementor-widget-heading\" data-id=\"feefb6c\" data-element_type=\"widget\" data-e-type=\"widget\" data-widget_type=\"heading.default\">\n\t\t\t\t<div class=\"elementor-widget-container\">\n\t\t\t\t\t<h1 class=\"elementor-heading-title elementor-size-default\">About me<\/h1>\t\t\t\t<\/div>\n\t\t\t\t<\/div>\n\t\t\t\t<div class=\"elementor-element elementor-element-a1f638b elementor-widget elementor-widget-heading\" data-id=\"a1f638b\" data-element_type=\"widget\" data-e-type=\"widget\" data-widget_type=\"heading.default\">\n\t\t\t\t<div class=\"elementor-widget-container\">\n\t\t\t\t\t<h2 class=\"elementor-heading-title elementor-size-default\">Rabea H\u00fcsser<\/h2>\t\t\t\t<\/div>\n\t\t\t\t<\/div>\n\t\t\t\t\t<\/div>\n\t\t<\/div>\n\t\t\t\t\t<\/div>\n\t\t<\/section>\n\t\t\t\t<section class=\"elementor-section elementor-top-section elementor-element elementor-element-afe629e elementor-section-boxed elementor-section-height-default elementor-section-height-default\" data-id=\"afe629e\" data-element_type=\"section\" data-e-type=\"section\">\n\t\t\t\t\t\t<div class=\"elementor-container elementor-column-gap-default\">\n\t\t\t\t\t<div class=\"elementor-column elementor-col-66 elementor-top-column elementor-element elementor-element-f04c823\" data-id=\"f04c823\" data-element_type=\"column\" data-e-type=\"column\">\n\t\t\t<div class=\"elementor-widget-wrap elementor-element-populated\">\n\t\t\t\t\t\t<div class=\"elementor-element elementor-element-97282e4 elementor-widget elementor-widget-text-editor\" data-id=\"97282e4\" data-element_type=\"widget\" data-e-type=\"widget\" data-widget_type=\"text-editor.default\">\n\t\t\t\t<div class=\"elementor-widget-container\">\n\t\t\t\t\t\t\t\t\t<ul><li><p>2007-2011 Training as an occupational therapist FH at the ZHAW<\/p><\/li><li><p>Start in the paediatrics department<\/p><\/li><\/ul><ul><li><strong>2015 Change to Handtherapy at the University Hospital in Bern<\/strong><p>Close collaboration with hand surgeons and regular internal further training. In parallel, completion of external courses on the following topics:<\/p><\/li><li><span style=\"font-size: 16px;\">mobilisation of the hand and wrist<\/span><\/li><li>mobilisation of the nervous system (NOI)<\/li><li>neurorehabilitation - mirror therapy and mental training<\/li><li>Dry Needling for the upper limb<\/li><li>lymphology<\/li><li>ergonomics of handling loads<\/li><li>conducting talks on behavioural change<\/li><li>gamma workshop on new technologies<\/li><\/ul><ul><li><span style=\"font-style: inherit; font-weight: inherit; background-color: var(--ast-global-color-5); color: var(--ast-global-color-2);\">2020-2022 working in outpatient Handtherapy practices in the Zurich region.<\/span><\/li><li>CAS Health Economic Evaluations and HTA<\/li><li>CAS Healthcare management<\/li><li>CAS Coordinated Care in Healthcare<\/li><li>CAS Healthcare Systems and Policy<\/li><li><b>Since January 2023 foundation and working in my own practice Limmat-Ergo.<\/b><\/li><li>2023 - 2024 advanced neck and shoulder dry needling<\/li><li>pathologies and treatment of the shoulder<\/li><li>Radiology for therapists<\/li><li>2025 Dry needling: advanced extremities<\/li><li>Participation in the Pain Relief Summit 2025: online congress on the latest research in evidence-based pain therapy<\/li><\/ul><p>I value open communication regarding treatment options and the limits of my competencies, transparency in services and data security when handling your personal information.<\/p><p>Languages: English and German<\/p>\t\t\t\t\t\t\t\t<\/div>\n\t\t\t\t<\/div>\n\t\t\t\t\t<\/div>\n\t\t<\/div>\n\t\t\t\t<div class=\"elementor-column elementor-col-33 elementor-top-column elementor-element elementor-element-1a63fe6\" data-id=\"1a63fe6\" data-element_type=\"column\" data-e-type=\"column\">\n\t\t\t<div class=\"elementor-widget-wrap elementor-element-populated\">\n\t\t\t\t\t\t<div class=\"elementor-element elementor-element-6433e24 elementor-widget elementor-widget-image\" data-id=\"6433e24\" data-element_type=\"widget\" data-e-type=\"widget\" data-widget_type=\"image.default\">\n\t\t\t\t<div class=\"elementor-widget-container\">\n\t\t\t\t\t\t\t\t\t\t\t\t<figure class=\"wp-caption\">\n\t\t\t\t\t\t\t\t\t\t\t<a href=\"https:\/\/limmat-ergo.ch\/en\/ueber-mich-rabea-huesser\/\">\n\t\t\t\t\t\t\t<img fetchpriority=\"high\" decoding=\"async\" width=\"906\" height=\"1024\" src=\"https:\/\/limmat-ergo.ch\/wp-content\/uploads\/2022\/12\/Rabea-Portrait-scaled-1-906x1024.webp\" class=\"attachment-large size-large wp-image-2072\" alt=\"Portrait Rabea H\u00fcsser, Ergotherapeutin bei Limmat-Ergo\" srcset=\"https:\/\/limmat-ergo.ch\/wp-content\/uploads\/2022\/12\/Rabea-Portrait-scaled-1-906x1024.webp 906w, https:\/\/limmat-ergo.ch\/wp-content\/uploads\/2022\/12\/Rabea-Portrait-scaled-1-265x300.webp 265w, https:\/\/limmat-ergo.ch\/wp-content\/uploads\/2022\/12\/Rabea-Portrait-scaled-1-768x868.webp 768w, https:\/\/limmat-ergo.ch\/wp-content\/uploads\/2022\/12\/Rabea-Portrait-scaled-1-1358x1536.webp 1358w, https:\/\/limmat-ergo.ch\/wp-content\/uploads\/2022\/12\/Rabea-Portrait-scaled-1-1811x2048.webp 1811w, https:\/\/limmat-ergo.ch\/wp-content\/uploads\/2022\/12\/Rabea-Portrait-scaled-1-11x12.webp 11w\" sizes=\"(max-width: 906px) 100vw, 906px\" \/>\t\t\t\t\t\t\t\t<\/a>\n\t\t\t\t\t\t\t\t\t\t\t<figcaption class=\"widget-image-caption wp-caption-text\">Rabea H\u00fcsser<\/figcaption>\n\t\t\t\t\t\t\t\t\t\t<\/figure>\n\t\t\t\t\t\t\t\t\t<\/div>\n\t\t\t\t<\/div>\n\t\t\t\t\t<\/div>\n\t\t<\/div>\n\t\t\t\t\t<\/div>\n\t\t<\/section>\n\t\t\t\t<\/div>","protected":false},"excerpt":{"rendered":"<p>\u00dcber mich Rabea H\u00fcsser 2007-2011 Ausbildung zur Ergotherapeutin FH an der ZHAW Start im Fachbereich P\u00e4diatrie 2015 Wechsel in die Handtherapie Unispital Bern Enge Zusammenarbeit mit Handchirurg*innen und regelm\u00e4ssige interne Weiterbildungen. Parallel dazu absolvieren von externen Kursen in den folgenden Jahren zu den Themen u.a: Mobilisation von Hand und Handgelenk Mobilisation des Nervensystems (NOI) Neurorehabilitation [&hellip;]<\/p>\n","protected":false},"author":3,"featured_media":0,"parent":0,"menu_order":0,"comment_status":"closed","ping_status":"closed","template":"","meta":{"_seopress_robots_primary_cat":"","_seopress_titles_title":"Limmat-Ergo | Praxis von Rabea H\u00fcsser","_seopress_titles_desc":"Ich (Rabea H\u00fcsser) bin ausgebildete Ergotherapeutin und spezialisiert auf Handtherapie (Hand, Arm und Schulter).","_seopress_robots_index":"","site-sidebar-layout":"no-sidebar","site-content-layout":"page-builder","ast-site-content-layout":"default","site-content-style":"default","site-sidebar-style":"default","ast-global-header-display":"","ast-banner-title-visibility":"","ast-main-header-display":"","ast-hfb-above-header-display":"","ast-hfb-below-header-display":"","ast-hfb-mobile-header-display":"","site-post-title":"disabled","ast-breadcrumbs-content":"","ast-featured-img":"disabled","footer-sml-layout":"","ast-disable-related-posts":"","theme-transparent-header-meta":"disabled","adv-header-id-meta":"","stick-header-meta":"","header-above-stick-meta":"","header-main-stick-meta":"","header-below-stick-meta":"","astra-migrate-meta-layouts":"default","ast-page-background-enabled":"default","ast-page-background-meta":{"desktop":{"background-color":"var(--ast-global-color-4)","background-image":"","background-repeat":"repeat","background-position":"center center","background-size":"auto","background-attachment":"scroll","background-type":"","background-media":"","overlay-type":"","overlay-color":"","overlay-opacity":"","overlay-gradient":""},"tablet":{"background-color":"","background-image":"","background-repeat":"repeat","background-position":"center center","background-size":"auto","background-attachment":"scroll","background-type":"","background-media":"","overlay-type":"","overlay-color":"","overlay-opacity":"","overlay-gradient":""},"mobile":{"background-color":"","background-image":"","background-repeat":"repeat","background-position":"center center","background-size":"auto","background-attachment":"scroll","background-type":"","background-media":"","overlay-type":"","overlay-color":"","overlay-opacity":"","overlay-gradient":""}},"ast-content-background-meta":{"desktop":{"background-color":"var(--ast-global-color-5)","background-image":"","background-repeat":"repeat","background-position":"center center","background-size":"auto","background-attachment":"scroll","background-type":"","background-media":"","overlay-type":"","overlay-color":"","overlay-opacity":"","overlay-gradient":""},"tablet":{"background-color":"var(--ast-global-color-5)","background-image":"","background-repeat":"repeat","background-position":"center center","background-size":"auto","background-attachment":"scroll","background-type":"","background-media":"","overlay-type":"","overlay-color":"","overlay-opacity":"","overlay-gradient":""},"mobile":{"background-color":"var(--ast-global-color-5)","background-image":"","background-repeat":"repeat","background-position":"center center","background-size":"auto","background-attachment":"scroll","background-type":"","background-media":"","overlay-type":"","overlay-color":"","overlay-opacity":"","overlay-gradient":""}},"footnotes":""},"class_list":["post-14","page","type-page","status-publish","hentry"],"_links":{"self":[{"href":"https:\/\/limmat-ergo.ch\/en\/wp-json\/wp\/v2\/pages\/14","targetHints":{"allow":["GET"]}}],"collection":[{"href":"https:\/\/limmat-ergo.ch\/en\/wp-json\/wp\/v2\/pages"}],"about":[{"href":"https:\/\/limmat-ergo.ch\/en\/wp-json\/wp\/v2\/types\/page"}],"author":[{"embeddable":true,"href":"https:\/\/limmat-ergo.ch\/en\/wp-json\/wp\/v2\/users\/3"}],"replies":[{"embeddable":true,"href":"https:\/\/limmat-ergo.ch\/en\/wp-json\/wp\/v2\/comments?post=14"}],"version-history":[{"count":9,"href":"https:\/\/limmat-ergo.ch\/en\/wp-json\/wp\/v2\/pages\/14\/revisions"}],"predecessor-version":[{"id":3212,"href":"https:\/\/limmat-ergo.ch\/en\/wp-json\/wp\/v2\/pages\/14\/revisions\/3212"}],"wp:attachment":[{"href":"https:\/\/limmat-ergo.ch\/en\/wp-json\/wp\/v2\/media?parent=14"}],"curies":[{"name":"wp","href":"https:\/\/api.w.org\/{rel}","templated":true}]}}